{"id":208,"date":"2024-11-29T17:36:34","date_gmt":"2024-11-29T16:36:34","guid":{"rendered":"https:\/\/evolucionledchile.cl\/?page_id=208"},"modified":"2025-11-12T14:35:33","modified_gmt":"2025-11-12T17:35:33","slug":"acerca-de-nosotros","status":"publish","type":"page","link":"https:\/\/evolucionledchile.cl\/index.php\/acerca-de-nosotros\/","title":{"rendered":"ACERCA DE NOSOTROS"},"content":{"rendered":"\t\t<div data-elementor-type=\"wp-page\" data-elementor-id=\"208\" class=\"elementor elementor-208\" data-elementor-post-type=\"page\">\n\t\t\t\t<div class=\"elementor-element elementor-element-ff048ee e-flex e-con-boxed e-con e-parent\" data-id=\"ff048ee\" data-element_type=\"container\">\n\t\t\t\t\t<div class=\"e-con-inner\">\n\t\t\t\t<div class=\"elementor-element elementor-element-e2a966b elementor-widget elementor-widget-text-editor\" data-id=\"e2a966b\" data-element_type=\"widget\" data-widget_type=\"text-editor.default\">\n\t\t\t\t<div class=\"elementor-widget-container\">\n\t\t\t\t\t\t\t\t\t<p>Evoluci\u00f3n LED Chile SpA es una empresa chilena especializada en la venta de pantallas LED y la instalaci\u00f3n profesional de c\u00e1maras de seguridad, activa desde el a\u00f1o 2021.<\/p><p>Nos enfocamos en ofrecer soluciones tecnol\u00f3gicas modernas para publicidad digital y vigilancia, adaptadas a las necesidades de empresas, comercios y hogares en todo Chile.<\/p><p>Contamos con un equipo t\u00e9cnico altamente capacitado, productos de calidad garantizada y un servicio personalizado que marca la diferencia.<\/p><p><img decoding=\"async\" class=\"emoji\" role=\"img\" draggable=\"false\" src=\"https:\/\/s.w.org\/images\/core\/emoji\/16.0.1\/svg\/1f539.svg\" alt=\"\ud83d\udd39\" \/> Pantallas LED para interiores y exteriores <br \/><img decoding=\"async\" class=\"emoji\" role=\"img\" draggable=\"false\" src=\"https:\/\/s.w.org\/images\/core\/emoji\/16.0.1\/svg\/1f539.svg\" alt=\"\ud83d\udd39\" \/> Instalaci\u00f3n de c\u00e1maras de seguridad (CCTV, IP, DVR\/NVR) <br \/><img decoding=\"async\" class=\"emoji\" role=\"img\" draggable=\"false\" src=\"https:\/\/s.w.org\/images\/core\/emoji\/16.0.1\/svg\/1f539.svg\" alt=\"\ud83d\udd39\" \/> Asesor\u00eda t\u00e9cnica y mantenimiento <br \/><img decoding=\"async\" class=\"emoji\" role=\"img\" draggable=\"false\" src=\"https:\/\/s.w.org\/images\/core\/emoji\/16.0.1\/svg\/1f539.svg\" alt=\"\ud83d\udd39\" \/> Atenci\u00f3n a todo Chile<\/p><p><img decoding=\"async\" class=\"emoji\" role=\"img\" draggable=\"false\" src=\"https:\/\/s.w.org\/images\/core\/emoji\/16.0.1\/svg\/1f4de.svg\" alt=\"\ud83d\udcde\" \/> +56 945118529<br \/><img decoding=\"async\" class=\"emoji\" role=\"img\" draggable=\"false\" src=\"https:\/\/s.w.org\/images\/core\/emoji\/16.0.1\/svg\/1f4cd.svg\" alt=\"\ud83d\udccd\" \/> Santiago, Chile <br \/><img decoding=\"async\" class=\"emoji\" role=\"img\" draggable=\"false\" src=\"https:\/\/s.w.org\/images\/core\/emoji\/16.0.1\/svg\/1f4f1.svg\" alt=\"\ud83d\udcf1\" \/> Instagram\/Facebook: @evolucionledchile.cl<br \/><img decoding=\"async\" class=\"emoji\" role=\"img\" draggable=\"false\" src=\"https:\/\/s.w.org\/images\/core\/emoji\/16.0.1\/svg\/1f310.svg\" alt=\"\ud83c\udf10\" \/> Web: evolucionledchile.cl<\/p><p>Evoluci\u00f3n LED Chile SpA \u2014 Tecnolog\u00eda que ilumina y protege tu mundo.<\/p><p>&#8212;<\/p>\t\t\t\t\t\t\t\t<\/div>\n\t\t\t\t<\/div>\n\t\t\t\t\t<\/div>\n\t\t\t\t<\/div>\n\t\t\t\t<\/div>\n\t\t","protected":false},"excerpt":{"rendered":"<p>Evoluci\u00f3n LED Chile SpA es una empresa chilena especializada en la venta de pantallas LED y la instalaci\u00f3n profesional de c\u00e1maras de seguridad, activa desde el a\u00f1o 2021. Nos enfocamos en ofrecer soluciones tecnol\u00f3gicas modernas para publicidad digital y vigilancia, adaptadas a las necesidades de empresas, comercios y hogares en todo Chile. Contamos con un &hellip;<\/p>\n<p class=\"read-more\"> <a class=\"\" href=\"https:\/\/evolucionledchile.cl\/index.php\/acerca-de-nosotros\/\"> <span class=\"screen-reader-text\">ACERCA DE NOSOTROS<\/span> Leer m\u00e1s &raquo;<\/a><\/p>\n","protected":false},"author":1,"featured_media":0,"parent":0,"menu_order":0,"comment_status":"closed","ping_status":"closed","template":"","meta":{"om_disable_all_campaigns":false,"_monsterinsights_skip_tracking":false,"_monsterinsights_sitenote_active":false,"_monsterinsights_sitenote_note":"","_monsterinsights_sitenote_category":0,"site-sidebar-layout":"no-sidebar","site-content-layout":"","ast-site-content-layout":"full-width-container","site-content-style":"default","site-sidebar-style":"default","ast-global-header-display":"","ast-banner-title-visibility":"","ast-main-header-display":"","ast-hfb-above-header-display":"","ast-hfb-below-header-display":"","ast-hfb-mobile-header-display":"","site-post-title":"disabled","ast-breadcrumbs-content":"","ast-featured-img":"disabled","footer-sml-layout":"","theme-transparent-header-meta":"","adv-header-id-meta":"","stick-header-meta":"","header-above-stick-meta":"","header-main-stick-meta":"","header-below-stick-meta":"","astra-migrate-meta-layouts":"","footnotes":""},"class_list":["post-208","page","type-page","status-publish","hentry"],"aioseo_notices":[],"_links":{"self":[{"href":"https:\/\/evolucionledchile.cl\/index.php\/wp-json\/wp\/v2\/pages\/208","targetHints":{"allow":["GET"]}}],"collection":[{"href":"https:\/\/evolucionledchile.cl\/index.php\/wp-json\/wp\/v2\/pages"}],"about":[{"href":"https:\/\/evolucionledchile.cl\/index.php\/wp-json\/wp\/v2\/types\/page"}],"author":[{"embeddable":true,"href":"https:\/\/evolucionledchile.cl\/index.php\/wp-json\/wp\/v2\/users\/1"}],"replies":[{"embeddable":true,"href":"https:\/\/evolucionledchile.cl\/index.php\/wp-json\/wp\/v2\/comments?post=208"}],"version-history":[{"count":4,"href":"https:\/\/evolucionledchile.cl\/index.php\/wp-json\/wp\/v2\/pages\/208\/revisions"}],"predecessor-version":[{"id":341,"href":"https:\/\/evolucionledchile.cl\/index.php\/wp-json\/wp\/v2\/pages\/208\/revisions\/341"}],"wp:attachment":[{"href":"https:\/\/evolucionledchile.cl\/index.php\/wp-json\/wp\/v2\/media?parent=208"}],"curies":[{"name":"wp","href":"https:\/\/api.w.org\/{rel}","templated":true}]}}