{"id":442,"date":"2025-11-28T08:29:26","date_gmt":"2025-11-28T11:29:26","guid":{"rendered":"https:\/\/evolucionledchile.cl\/?post_type=product&#038;p=442"},"modified":"2025-11-28T08:30:29","modified_gmt":"2025-11-28T11:30:29","slug":"kit-de-8-aamaras-analogo-hikvision-disco-duro-500gb-4-balas-y-domos","status":"publish","type":"product","link":"https:\/\/evolucionledchile.cl\/index.php\/producto\/kit-de-8-aamaras-analogo-hikvision-disco-duro-500gb-4-balas-y-domos\/","title":{"rendered":"kit de 8 Aamaras Analogo Hikvision + Disco Duro 500Gb 4 Balas y Domos"},"content":{"rendered":"<p>Kit CCTV profesional 8 c\u00e1maras exterior o interior FHD 1080P<br \/>\nApp ,Deteccion Movimiento,Camara TVI 2MP Smart Dual Light 20M<\/p>\n<p>Hikvision CON CAJA ORIGINAL DE FABRICA HIKVISION<br \/>\nCAMARAS DE 1080P FHD Y DVR HIKVISION 7208HGHI 1080P LITE<br \/>\ncon disco duro 1tb<br \/>\nEste kit incluye todo lo necesario para implementar un sistema de v\u00eddeo vigilancia profesional de alta resoluci\u00f3n kit incluye:<\/p>\n<p>&#8211; 1 DVR Turbo FHD HASTA 1080P LITE :<\/p>\n<p>\u2022 Compatible con c\u00e1maras HD-TVI HDCVI anal\u00f3gicas y AHD con acceso adaptativo<br \/>\n\u2022 Grabaci\u00f3n completa de canales con una resoluci\u00f3n lite de hasta 1080P LITE<br \/>\n\u2022 Salida HDMI y VGA con resoluci\u00f3n de hasta 1920 \u00d7 1080P<br \/>\n\u2022 Larga distancia de transmisi\u00f3n sobre cable coaxial<br \/>\n\u2022 Admite la reproducci\u00f3n as\u00edncrona de 4 en resoluci\u00f3n 1080P<\/p>\n<p>&#8211; 4 c\u00e1maras bullet FHD 1080P IR 20 metros.<br \/>\nCamara TVI 2MP Smart Dual Light 20M<br \/>\n&#8211; 4 c\u00e1maras domo FHD 1080P IR 20 metros.<br \/>\nCamara TVI 2MP Smart Dual Light 20M<\/p>\n<p>&#8211; 1 disco duro 500GB nuevo<\/p>\n<p>&#8211; 8 cables con conectores.<\/p>\n<p>&#8211; 1 Fuentes de poder 12v para las camaras y DVR .<br \/>\nComo la fuente de alimentaci\u00f3n 5A en caja de hierro es dif\u00edcil de instalar, hemos acordado reemplazarla con una fuente de alimentaci\u00f3n integrada en caja de pl\u00e1stico. Si necesita una fuente de alimentaci\u00f3n en caja de hierro, cont\u00e1ctenos despu\u00e9s de comprar el producto.<br \/>\n&#8211; Soporta P2P, DDNS y red 10\/100 Mbps.<\/p>\n<p>&#8211; Es posible visualizar en hik-connect o hilookvision app<\/p>\n<p>FORMA DE PAGO: TODOS LOS MEDIOS DISPONIBLE CON MERCADOPAGO, TRANSFERENCIA, DEPOSITO BANCARIO, EFECTIVO<\/p>\n<p>MEDIO DE ENVIO: MERCADO ENVIO<\/p>\n<p>CON 1 A\u00d1O DE GARANTIA<\/p>\n<p>Garant\u00eda del vendedor: 6 meses<\/p>\n","protected":false},"excerpt":{"rendered":"<p>Kit CCTV profesional 8 c\u00e1maras exterior o interior FHD 1080P App ,Deteccion Movimiento,Camara TVI 2MP Smart Dual Light 20M Hikvision CON CAJA ORIGINAL DE FABRICA HIKVISION CAMARAS DE 1080P FHD Y DVR HIKVISION 7208HGHI 1080P LITE con disco duro 1tb Este kit incluye todo lo necesario para implementar un sistema de v\u00eddeo vigilancia profesional de &hellip;<\/p>\n<p class=\"read-more\"> <a class=\"\" href=\"https:\/\/evolucionledchile.cl\/index.php\/producto\/kit-de-8-aamaras-analogo-hikvision-disco-duro-500gb-4-balas-y-domos\/\"> <span class=\"screen-reader-text\">kit de 8 Aamaras Analogo Hikvision + Disco Duro 500Gb 4 Balas y Domos<\/span> Leer m\u00e1s &raquo;<\/a><\/p>\n","protected":false},"featured_media":399,"comment_status":"open","ping_status":"closed","template":"","meta":{"om_disable_all_campaigns":false,"_monsterinsights_skip_tracking":false,"_monsterinsights_sitenote_active":false,"_monsterinsights_sitenote_note":"","_monsterinsights_sitenote_category":0,"site-sidebar-layout":"default","site-content-layout":"","ast-site-content-layout":"default","site-content-style":"default","site-sidebar-style":"default","ast-global-header-display":"","ast-banner-title-visibility":"","ast-main-header-display":"","ast-hfb-above-header-display":"","ast-hfb-below-header-display":"","ast-hfb-mobile-header-display":"","site-post-title":"","ast-breadcrumbs-content":"","ast-featured-img":"","footer-sml-layout":"","theme-transparent-header-meta":"default","adv-header-id-meta":"","stick-header-meta":"","header-above-stick-meta":"","header-main-stick-meta":"","header-below-stick-meta":"","astra-migrate-meta-layouts":"set"},"product_brand":[36],"product_cat":[35],"product_tag":[37,34,38,40,39],"class_list":{"0":"post-442","1":"product","2":"type-product","3":"status-publish","4":"has-post-thumbnail","6":"product_brand-hikvision","7":"product_cat-camara","8":"product_tag-camara","9":"product_tag-camaras-led","10":"product_tag-hikvision","11":"product_tag-seguridad","12":"product_tag-vigilancia","13":"desktop-align-left","14":"tablet-align-left","15":"mobile-align-left","17":"first","18":"instock","19":"sale","20":"shipping-taxable","21":"purchasable","22":"product-type-simple"},"aioseo_notices":[],"_links":{"self":[{"href":"https:\/\/evolucionledchile.cl\/index.php\/wp-json\/wp\/v2\/product\/442","targetHints":{"allow":["GET"]}}],"collection":[{"href":"https:\/\/evolucionledchile.cl\/index.php\/wp-json\/wp\/v2\/product"}],"about":[{"href":"https:\/\/evolucionledchile.cl\/index.php\/wp-json\/wp\/v2\/types\/product"}],"replies":[{"embeddable":true,"href":"https:\/\/evolucionledchile.cl\/index.php\/wp-json\/wp\/v2\/comments?post=442"}],"wp:featuredmedia":[{"embeddable":true,"href":"https:\/\/evolucionledchile.cl\/index.php\/wp-json\/wp\/v2\/media\/399"}],"wp:attachment":[{"href":"https:\/\/evolucionledchile.cl\/index.php\/wp-json\/wp\/v2\/media?parent=442"}],"wp:term":[{"taxonomy":"product_brand","embeddable":true,"href":"https:\/\/evolucionledchile.cl\/index.php\/wp-json\/wp\/v2\/product_brand?post=442"},{"taxonomy":"product_cat","embeddable":true,"href":"https:\/\/evolucionledchile.cl\/index.php\/wp-json\/wp\/v2\/product_cat?post=442"},{"taxonomy":"product_tag","embeddable":true,"href":"https:\/\/evolucionledchile.cl\/index.php\/wp-json\/wp\/v2\/product_tag?post=442"}],"curies":[{"name":"wp","href":"https:\/\/api.w.org\/{rel}","templated":true}]}}