{"id":444,"date":"2025-11-28T09:05:26","date_gmt":"2025-11-28T12:05:26","guid":{"rendered":"https:\/\/evolucionledchile.cl\/?post_type=product&#038;p=444"},"modified":"2025-11-28T09:05:55","modified_gmt":"2025-11-28T12:05:55","slug":"kit-de-4-camaras-de-vigilancia-wifi-con-disco-duro-dvr-full-hd-marca-jortan","status":"publish","type":"product","link":"https:\/\/evolucionledchile.cl\/index.php\/producto\/kit-de-4-camaras-de-vigilancia-wifi-con-disco-duro-dvr-full-hd-marca-jortan\/","title":{"rendered":"Kit de 4 c\u00e1maras de vigilancia wifi Con Disco Duro 500GB + DVR Full HD marca Jortan"},"content":{"rendered":"<p>Kit de 4 c\u00e1maras de vigilancia wifi Con Disco Duro + DVR Full HD marca Jortan, este kit es lo que necesitas para proteger tu hogar, local comercial, empresa, etc. Cuenta con un DVR Full HD 1080P m\u00e1s 4 c\u00e1maras inal\u00e1mbricas, las c\u00e1maras las puedes conectar al DVR por medio Red o por wifi, es compatible con Smartphone Android, IOS iPhone y Windows, el DVR tiene salida VGA y HDMI. Utiliza disco duro Sata de 2,5\u201d o 3,5\u201d. Las c\u00e1maras cuentan con sensor de movimiento.<\/p>\n","protected":false},"excerpt":{"rendered":"<p>Kit de 4 c\u00e1maras de vigilancia wifi Con Disco Duro + DVR Full HD marca Jortan, este kit es lo que necesitas para proteger tu hogar, local comercial, empresa, etc. Cuenta con un DVR Full HD 1080P m\u00e1s 4 c\u00e1maras inal\u00e1mbricas, las c\u00e1maras las puedes conectar al DVR por medio Red o por wifi, es &hellip;<\/p>\n<p class=\"read-more\"> <a class=\"\" href=\"https:\/\/evolucionledchile.cl\/index.php\/producto\/kit-de-4-camaras-de-vigilancia-wifi-con-disco-duro-dvr-full-hd-marca-jortan\/\"> <span class=\"screen-reader-text\">Kit de 4 c\u00e1maras de vigilancia wifi Con Disco Duro 500GB + DVR Full HD marca Jortan<\/span> Leer m\u00e1s &raquo;<\/a><\/p>\n","protected":false},"featured_media":453,"comment_status":"open","ping_status":"closed","template":"","meta":{"om_disable_all_campaigns":false,"_monsterinsights_skip_tracking":false,"_monsterinsights_sitenote_active":false,"_monsterinsights_sitenote_note":"","_monsterinsights_sitenote_category":0,"site-sidebar-layout":"default","site-content-layout":"","ast-site-content-layout":"default","site-content-style":"default","site-sidebar-style":"default","ast-global-header-display":"","ast-banner-title-visibility":"","ast-main-header-display":"","ast-hfb-above-header-display":"","ast-hfb-below-header-display":"","ast-hfb-mobile-header-display":"","site-post-title":"","ast-breadcrumbs-content":"","ast-featured-img":"","footer-sml-layout":"","theme-transparent-header-meta":"default","adv-header-id-meta":"","stick-header-meta":"","header-above-stick-meta":"","header-main-stick-meta":"","header-below-stick-meta":"","astra-migrate-meta-layouts":"set"},"product_brand":[],"product_cat":[35],"product_tag":[37,34,41,40,39],"class_list":{"0":"post-444","1":"product","2":"type-product","3":"status-publish","4":"has-post-thumbnail","6":"product_cat-camara","7":"product_tag-camara","8":"product_tag-camaras-led","9":"product_tag-jortan","10":"product_tag-seguridad","11":"product_tag-vigilancia","12":"desktop-align-left","13":"tablet-align-left","14":"mobile-align-left","16":"first","17":"instock","18":"sale","19":"shipping-taxable","20":"purchasable","21":"product-type-simple"},"aioseo_notices":[],"_links":{"self":[{"href":"https:\/\/evolucionledchile.cl\/index.php\/wp-json\/wp\/v2\/product\/444","targetHints":{"allow":["GET"]}}],"collection":[{"href":"https:\/\/evolucionledchile.cl\/index.php\/wp-json\/wp\/v2\/product"}],"about":[{"href":"https:\/\/evolucionledchile.cl\/index.php\/wp-json\/wp\/v2\/types\/product"}],"replies":[{"embeddable":true,"href":"https:\/\/evolucionledchile.cl\/index.php\/wp-json\/wp\/v2\/comments?post=444"}],"wp:featuredmedia":[{"embeddable":true,"href":"https:\/\/evolucionledchile.cl\/index.php\/wp-json\/wp\/v2\/media\/453"}],"wp:attachment":[{"href":"https:\/\/evolucionledchile.cl\/index.php\/wp-json\/wp\/v2\/media?parent=444"}],"wp:term":[{"taxonomy":"product_brand","embeddable":true,"href":"https:\/\/evolucionledchile.cl\/index.php\/wp-json\/wp\/v2\/product_brand?post=444"},{"taxonomy":"product_cat","embeddable":true,"href":"https:\/\/evolucionledchile.cl\/index.php\/wp-json\/wp\/v2\/product_cat?post=444"},{"taxonomy":"product_tag","embeddable":true,"href":"https:\/\/evolucionledchile.cl\/index.php\/wp-json\/wp\/v2\/product_tag?post=444"}],"curies":[{"name":"wp","href":"https:\/\/api.w.org\/{rel}","templated":true}]}}