{"id":507,"date":"2025-12-13T08:59:41","date_gmt":"2025-12-13T11:59:41","guid":{"rendered":"https:\/\/evolucionledchile.cl\/?post_type=product&#038;p=507"},"modified":"2025-12-13T08:59:41","modified_gmt":"2025-12-13T11:59:41","slug":"lampara-colgante-techo-led-minimalista-hexagonal-negro","status":"publish","type":"product","link":"https:\/\/evolucionledchile.cl\/index.php\/producto\/lampara-colgante-techo-led-minimalista-hexagonal-negro\/","title":{"rendered":"L\u00e1mpara Colgante Techo LED Minimalista Hexagonal Negro"},"content":{"rendered":"<p>Esta l\u00e1mpara de techo LED con forma hexagonal destaca por su dise\u00f1o innovador y moderno, ideal para quienes buscan una pieza de iluminaci\u00f3n que sea a la vez funcional y decorativa. Su estructura geom\u00e9trica hexagonal y su iluminaci\u00f3n LED de alta eficiencia energ\u00e9tica la convierten en una elecci\u00f3n perfecta para \u00e1reas como salas, comedores, oficinas, y estudios. La l\u00e1mpara no solo proporciona una iluminaci\u00f3n uniforme y sin sombras, sino que tambi\u00e9n aporta un toque de sofisticaci\u00f3n y estilo contempor\u00e1neo a cualquier ambiente. \u2022 Material: Estructura de metal y componentes LED integrados. \u2022 Color: Negro mate. \u2022 Forma: Hexagonal. \u2022 Tipo de Luz: LED integrada. \u2022 Tono de Luz: Blanco neutro o c\u00e1lido (dependiendo de la versi\u00f3n). \u2022 Dimensiones: Aproximadamente 40 cm de di\u00e1metro y 5 cm de altura. \u2022 Consumo Energ\u00e9tico: Aproximadamente 30W. \u2022 Instalaci\u00f3n: De montaje en techo. La l\u00e1mpara LED hexagonal no solo es una fuente de luz eficiente, sino que tambi\u00e9n es una pieza de dise\u00f1o que realza cualquier espacio. Su forma hexagonal innovadora y su acabado en negro mate la convierten en el centro de atenci\u00f3n en cualquier ambiente. Ideal para zonas como la sala de estar, comedores, oficinas y estudios, esta l\u00e1mpara ofrece una iluminaci\u00f3n de calidad que contribuye a un ambiente moderno y sofisticado.<\/p>\n","protected":false},"excerpt":{"rendered":"<p>Esta l\u00e1mpara de techo LED con forma hexagonal destaca por su dise\u00f1o innovador y moderno, ideal para quienes buscan una pieza de iluminaci\u00f3n que sea a la vez funcional y decorativa. Su estructura geom\u00e9trica hexagonal y su iluminaci\u00f3n LED de alta eficiencia energ\u00e9tica la convierten en una elecci\u00f3n perfecta para \u00e1reas como salas, comedores, oficinas, &hellip;<\/p>\n<p class=\"read-more\"> <a class=\"\" href=\"https:\/\/evolucionledchile.cl\/index.php\/producto\/lampara-colgante-techo-led-minimalista-hexagonal-negro\/\"> <span class=\"screen-reader-text\">L\u00e1mpara Colgante Techo LED Minimalista Hexagonal Negro<\/span> Leer m\u00e1s &raquo;<\/a><\/p>\n","protected":false},"featured_media":506,"comment_status":"open","ping_status":"closed","template":"","meta":{"om_disable_all_campaigns":false,"_monsterinsights_skip_tracking":false,"_monsterinsights_sitenote_active":false,"_monsterinsights_sitenote_note":"","_monsterinsights_sitenote_category":0,"site-sidebar-layout":"default","site-content-layout":"","ast-site-content-layout":"default","site-content-style":"default","site-sidebar-style":"default","ast-global-header-display":"","ast-banner-title-visibility":"","ast-main-header-display":"","ast-hfb-above-header-display":"","ast-hfb-below-header-display":"","ast-hfb-mobile-header-display":"","site-post-title":"","ast-breadcrumbs-content":"","ast-featured-img":"","footer-sml-layout":"","theme-transparent-header-meta":"default","adv-header-id-meta":"","stick-header-meta":"","header-above-stick-meta":"","header-main-stick-meta":"","header-below-stick-meta":"","astra-migrate-meta-layouts":"set"},"product_brand":[],"product_cat":[24,42],"product_tag":[],"class_list":{"0":"post-507","1":"product","2":"type-product","3":"status-publish","4":"has-post-thumbnail","6":"product_cat-led","7":"product_cat-lampara","8":"desktop-align-left","9":"tablet-align-left","10":"mobile-align-left","12":"first","13":"instock","14":"sale","15":"shipping-taxable","16":"purchasable","17":"product-type-simple"},"aioseo_notices":[],"_links":{"self":[{"href":"https:\/\/evolucionledchile.cl\/index.php\/wp-json\/wp\/v2\/product\/507","targetHints":{"allow":["GET"]}}],"collection":[{"href":"https:\/\/evolucionledchile.cl\/index.php\/wp-json\/wp\/v2\/product"}],"about":[{"href":"https:\/\/evolucionledchile.cl\/index.php\/wp-json\/wp\/v2\/types\/product"}],"replies":[{"embeddable":true,"href":"https:\/\/evolucionledchile.cl\/index.php\/wp-json\/wp\/v2\/comments?post=507"}],"wp:featuredmedia":[{"embeddable":true,"href":"https:\/\/evolucionledchile.cl\/index.php\/wp-json\/wp\/v2\/media\/506"}],"wp:attachment":[{"href":"https:\/\/evolucionledchile.cl\/index.php\/wp-json\/wp\/v2\/media?parent=507"}],"wp:term":[{"taxonomy":"product_brand","embeddable":true,"href":"https:\/\/evolucionledchile.cl\/index.php\/wp-json\/wp\/v2\/product_brand?post=507"},{"taxonomy":"product_cat","embeddable":true,"href":"https:\/\/evolucionledchile.cl\/index.php\/wp-json\/wp\/v2\/product_cat?post=507"},{"taxonomy":"product_tag","embeddable":true,"href":"https:\/\/evolucionledchile.cl\/index.php\/wp-json\/wp\/v2\/product_tag?post=507"}],"curies":[{"name":"wp","href":"https:\/\/api.w.org\/{rel}","templated":true}]}}