{"id":540,"date":"2025-12-20T13:38:03","date_gmt":"2025-12-20T16:38:03","guid":{"rendered":"https:\/\/evolucionledchile.cl\/?post_type=product&#038;p=540"},"modified":"2025-12-20T13:39:23","modified_gmt":"2025-12-20T16:39:23","slug":"timbre-puerta-inteligente-camara-wifi","status":"publish","type":"product","link":"https:\/\/evolucionledchile.cl\/index.php\/producto\/timbre-puerta-inteligente-camara-wifi\/","title":{"rendered":"Timbre Puerta Inteligente Camara Wifi"},"content":{"rendered":"<p>Timbre Puerta Inteligente Camara Wifi<\/p>\n<p>-C\u00e1mara de timbre de video inteligente, timbre perfecto para el hogar, apartamento, escuela, villas, oficinas, almacenes, hoteles, f\u00e1bricas y m\u00e1s.Este dispositivo dise\u00f1ado para aplicaciones de seguridad. Su conectividad WiFi y Bluetooth permite el acceso remoto, y su amplio \u00e1ngulo de visi\u00f3n lo hace ideal para monitorear \u00e1reas exteriores. La bater\u00eda de litio garantiza que funcione incluso sin alimentaci\u00f3n directa.<\/p>\n<p>-Instalaci\u00f3n port\u00e1til: se puede pegar y perforar. Soporte de respaldo adhesivo, sin necesidad de perforar agujeros, mientras admite la instalaci\u00f3n de perforaciones. Sin enchufes, c\u00f3modo y sin complicaciones.<\/p>\n<p>-Captura de pantalla: almacenamiento en la nube, protecci\u00f3n de seguridad por goteo. Cuando un visitante presiona el timbre, puede capturar la imagen del visitante y guardar el registro en la nube, para que la aplicaci\u00f3n del tel\u00e9fono celular pueda ver las im\u00e1genes anteriores en cualquier momento, que es m\u00e1s seguro y m\u00e1s seguro.<\/p>\n<p>-Visi\u00f3n nocturna: cuentas de l\u00e1mpara LED IR de alta calidad incorporadas y sensor de luz, la imagen es clara por la noche; tambi\u00e9n puede cambiar autom\u00e1ticamente al modo nocturno desde el modo diurno despu\u00e9s de que la luz ambiental baje a 2 Lux.<\/p>\n<p>Conexi\u00f3n: WiFi + Bluetooth.<br \/>\nVoltaje de Entrada: DC5V 2A.<br \/>\nTipo de WiFi: 2.4GHz 802.11b\/g.<br \/>\n\u00c1ngulo de Visi\u00f3n: 75\u00b0.<br \/>\nBater\u00eda de Litio: 400mAh.<br \/>\nDistancia de Recepci\u00f3n: 150 m (en \u00e1rea abierta).<\/p>\n<p>Compatibilidad:<br \/>\nPuede integrarse con otros dispositivos inteligentes en tu hogar.<br \/>\nCompatible con redes WiFi de 2.4 GHz.<br \/>\nAplicaci\u00f3n de monitoreo : TUYA<\/p>\n<p>Contenido de la compra:<br \/>\n*1 Timbre Inteligente Con C\u00e1mara<\/p>\n","protected":false},"excerpt":{"rendered":"<p>Timbre Puerta Inteligente Camara Wifi -C\u00e1mara de timbre de video inteligente, timbre perfecto para el hogar, apartamento, escuela, villas, oficinas, almacenes, hoteles, f\u00e1bricas y m\u00e1s.Este dispositivo dise\u00f1ado para aplicaciones de seguridad. Su conectividad WiFi y Bluetooth permite el acceso remoto, y su amplio \u00e1ngulo de visi\u00f3n lo hace ideal para monitorear \u00e1reas exteriores. La bater\u00eda &hellip;<\/p>\n<p class=\"read-more\"> <a class=\"\" href=\"https:\/\/evolucionledchile.cl\/index.php\/producto\/timbre-puerta-inteligente-camara-wifi\/\"> <span class=\"screen-reader-text\">Timbre Puerta Inteligente Camara Wifi<\/span> Leer m\u00e1s &raquo;<\/a><\/p>\n","protected":false},"featured_media":445,"comment_status":"open","ping_status":"closed","template":"","meta":{"om_disable_all_campaigns":false,"_monsterinsights_skip_tracking":false,"_monsterinsights_sitenote_active":false,"_monsterinsights_sitenote_note":"","_monsterinsights_sitenote_category":0,"site-sidebar-layout":"default","site-content-layout":"","ast-site-content-layout":"default","site-content-style":"default","site-sidebar-style":"default","ast-global-header-display":"","ast-banner-title-visibility":"","ast-main-header-display":"","ast-hfb-above-header-display":"","ast-hfb-below-header-display":"","ast-hfb-mobile-header-display":"","site-post-title":"","ast-breadcrumbs-content":"","ast-featured-img":"","footer-sml-layout":"","theme-transparent-header-meta":"default","adv-header-id-meta":"","stick-header-meta":"","header-above-stick-meta":"","header-main-stick-meta":"","header-below-stick-meta":"","astra-migrate-meta-layouts":"set"},"product_brand":[],"product_cat":[35,44],"product_tag":[],"class_list":{"0":"post-540","1":"product","2":"type-product","3":"status-publish","4":"has-post-thumbnail","6":"product_cat-camara","7":"product_cat-timbre","8":"desktop-align-left","9":"tablet-align-left","10":"mobile-align-left","12":"first","13":"instock","14":"sale","15":"shipping-taxable","16":"purchasable","17":"product-type-simple"},"aioseo_notices":[],"_links":{"self":[{"href":"https:\/\/evolucionledchile.cl\/index.php\/wp-json\/wp\/v2\/product\/540","targetHints":{"allow":["GET"]}}],"collection":[{"href":"https:\/\/evolucionledchile.cl\/index.php\/wp-json\/wp\/v2\/product"}],"about":[{"href":"https:\/\/evolucionledchile.cl\/index.php\/wp-json\/wp\/v2\/types\/product"}],"replies":[{"embeddable":true,"href":"https:\/\/evolucionledchile.cl\/index.php\/wp-json\/wp\/v2\/comments?post=540"}],"wp:featuredmedia":[{"embeddable":true,"href":"https:\/\/evolucionledchile.cl\/index.php\/wp-json\/wp\/v2\/media\/445"}],"wp:attachment":[{"href":"https:\/\/evolucionledchile.cl\/index.php\/wp-json\/wp\/v2\/media?parent=540"}],"wp:term":[{"taxonomy":"product_brand","embeddable":true,"href":"https:\/\/evolucionledchile.cl\/index.php\/wp-json\/wp\/v2\/product_brand?post=540"},{"taxonomy":"product_cat","embeddable":true,"href":"https:\/\/evolucionledchile.cl\/index.php\/wp-json\/wp\/v2\/product_cat?post=540"},{"taxonomy":"product_tag","embeddable":true,"href":"https:\/\/evolucionledchile.cl\/index.php\/wp-json\/wp\/v2\/product_tag?post=540"}],"curies":[{"name":"wp","href":"https:\/\/api.w.org\/{rel}","templated":true}]}}