{"id":544,"date":"2025-12-20T14:37:29","date_gmt":"2025-12-20T17:37:29","guid":{"rendered":"https:\/\/evolucionledchile.cl\/?post_type=product&#038;p=544"},"modified":"2025-12-20T14:52:04","modified_gmt":"2025-12-20T17:52:04","slug":"modulo-p10-monocromatico-para-exterior-5v-tipo-dip","status":"publish","type":"product","link":"https:\/\/evolucionledchile.cl\/index.php\/producto\/modulo-p10-monocromatico-para-exterior-5v-tipo-dip\/","title":{"rendered":"MODULO P10 MONOCROMATICO PARA EXTERIOR 5V TIPO DIP"},"content":{"rendered":"<p>MODULO P10 MONOCROMATICO PARA EXTERIOR 5V TIPO DIP<\/p>\n<table border=\"1\">\n<tbody>\n<tr>\n<td height=\"36\">NO<\/td>\n<td>Art\u00edculo<\/td>\n<td>Par\u00e1metro t\u00e9cnico<\/td>\n<\/tr>\n<tr>\n<td height=\"36\">1<\/td>\n<td>Pixel Pitch<\/td>\n<td>10mm<\/td>\n<\/tr>\n<tr>\n<td height=\"36\">2<\/td>\n<td>Densidad de p\u00edxeles<\/td>\n<td>10000\/m2<\/td>\n<\/tr>\n<tr>\n<td height=\"36\">3<\/td>\n<td>Configuraci\u00f3n de p\u00edxeles<\/td>\n<td>R\/Verde\/azul\/blanco\/amarillo<\/td>\n<\/tr>\n<tr>\n<td height=\"36\">4<\/td>\n<td>Dimensi\u00f3n del m\u00f3dulo<\/td>\n<td>320mm(L)* 160mm (H)<\/td>\n<\/tr>\n<tr>\n<td height=\"36\">5<\/td>\n<td>M\u00f3dulo Pixel<\/td>\n<td>32 p\u00edxeles (L) x 16 p\u00edxeles (H)<\/td>\n<\/tr>\n<tr>\n<td height=\"36\">6<\/td>\n<td>Distancia de visualizaci\u00f3n<\/td>\n<td>10m<\/td>\n<\/tr>\n<tr>\n<td height=\"36\">7<\/td>\n<td>Temperatura de funcionamiento<\/td>\n<td>-40 \u00b0C-+ 85 \u00b0C (para almacenamiento);-20 \u00b0C-+ 50 \u00b0C (para trabajar)<\/td>\n<\/tr>\n<tr>\n<td height=\"36\">8<\/td>\n<td>Tipo de Led<\/td>\n<td>546 led ovalado<\/td>\n<\/tr>\n<tr>\n<td height=\"36\">9<\/td>\n<td>Tipo de unidad<\/td>\n<td>Corriente constante 1\/4<\/td>\n<\/tr>\n<tr>\n<td height=\"36\">10<\/td>\n<td>Tipo de puerto<\/td>\n<td>HUB12<\/td>\n<\/tr>\n<tr>\n<td height=\"36\">11<\/td>\n<td>Brillo<\/td>\n<td>&gt; 2800MCD\/M2<\/td>\n<\/tr>\n<tr>\n<td height=\"36\">12<\/td>\n<td>Palanca de pegamento<\/td>\n<td>Pegamento completo<\/td>\n<\/tr>\n<tr>\n<td height=\"36\">13<\/td>\n<td>Palanca IP<\/td>\n<td>IP65<\/td>\n<\/tr>\n<tr>\n<td height=\"36\">14<\/td>\n<td>Longitud de onda roja<\/td>\n<td>625 nm (+ 2 5nm\/-2.5nm)<\/td>\n<\/tr>\n<tr>\n<td height=\"36\">15<\/td>\n<td>Longitud de onda verde<\/td>\n<td>525 nm (+ 2 5nm\/-2.5nm)<\/td>\n<\/tr>\n<tr>\n<td height=\"36\">16<\/td>\n<td>Longitud de onda azul<\/td>\n<td>470 nm (+ 2 5nm\/-2.5nm)<\/td>\n<\/tr>\n<tr>\n<td height=\"36\">17<\/td>\n<td>Vida \u00fatil<\/td>\n<td data-spm-anchor-id=\"a2700.details-description.0.i0.7c1bF2oJF2oJIo\">100000 horas<\/td>\n<\/tr>\n<\/tbody>\n<\/table>\n","protected":false},"excerpt":{"rendered":"<p>MODULO P10 MONOCROMATICO PARA EXTERIOR 5V TIPO DIP NO Art\u00edculo Par\u00e1metro t\u00e9cnico 1 Pixel Pitch 10mm 2 Densidad de p\u00edxeles 10000\/m2 3 Configuraci\u00f3n de p\u00edxeles R\/Verde\/azul\/blanco\/amarillo 4 Dimensi\u00f3n del m\u00f3dulo 320mm(L)* 160mm (H) 5 M\u00f3dulo Pixel 32 p\u00edxeles (L) x 16 p\u00edxeles (H) 6 Distancia de visualizaci\u00f3n 10m 7 Temperatura de funcionamiento -40 \u00b0C-+ 85 &hellip;<\/p>\n<p class=\"read-more\"> <a class=\"\" href=\"https:\/\/evolucionledchile.cl\/index.php\/producto\/modulo-p10-monocromatico-para-exterior-5v-tipo-dip\/\"> <span class=\"screen-reader-text\">MODULO P10 MONOCROMATICO PARA EXTERIOR 5V TIPO DIP<\/span> Leer m\u00e1s &raquo;<\/a><\/p>\n","protected":false},"featured_media":423,"comment_status":"open","ping_status":"closed","template":"","meta":{"om_disable_all_campaigns":false,"_monsterinsights_skip_tracking":false,"_monsterinsights_sitenote_active":false,"_monsterinsights_sitenote_note":"","_monsterinsights_sitenote_category":0,"site-sidebar-layout":"default","site-content-layout":"","ast-site-content-layout":"default","site-content-style":"default","site-sidebar-style":"default","ast-global-header-display":"","ast-banner-title-visibility":"","ast-main-header-display":"","ast-hfb-above-header-display":"","ast-hfb-below-header-display":"","ast-hfb-mobile-header-display":"","site-post-title":"","ast-breadcrumbs-content":"","ast-featured-img":"","footer-sml-layout":"","theme-transparent-header-meta":"default","adv-header-id-meta":"","stick-header-meta":"","header-above-stick-meta":"","header-main-stick-meta":"","header-below-stick-meta":"","astra-migrate-meta-layouts":"set"},"product_brand":[],"product_cat":[26,29],"product_tag":[],"class_list":{"0":"post-544","1":"product","2":"type-product","3":"status-publish","4":"has-post-thumbnail","6":"product_cat-letrero","7":"product_cat-pantalla","8":"desktop-align-left","9":"tablet-align-left","10":"mobile-align-left","12":"first","13":"instock","14":"sale","15":"shipping-taxable","16":"purchasable","17":"product-type-simple"},"aioseo_notices":[],"_links":{"self":[{"href":"https:\/\/evolucionledchile.cl\/index.php\/wp-json\/wp\/v2\/product\/544","targetHints":{"allow":["GET"]}}],"collection":[{"href":"https:\/\/evolucionledchile.cl\/index.php\/wp-json\/wp\/v2\/product"}],"about":[{"href":"https:\/\/evolucionledchile.cl\/index.php\/wp-json\/wp\/v2\/types\/product"}],"replies":[{"embeddable":true,"href":"https:\/\/evolucionledchile.cl\/index.php\/wp-json\/wp\/v2\/comments?post=544"}],"wp:featuredmedia":[{"embeddable":true,"href":"https:\/\/evolucionledchile.cl\/index.php\/wp-json\/wp\/v2\/media\/423"}],"wp:attachment":[{"href":"https:\/\/evolucionledchile.cl\/index.php\/wp-json\/wp\/v2\/media?parent=544"}],"wp:term":[{"taxonomy":"product_brand","embeddable":true,"href":"https:\/\/evolucionledchile.cl\/index.php\/wp-json\/wp\/v2\/product_brand?post=544"},{"taxonomy":"product_cat","embeddable":true,"href":"https:\/\/evolucionledchile.cl\/index.php\/wp-json\/wp\/v2\/product_cat?post=544"},{"taxonomy":"product_tag","embeddable":true,"href":"https:\/\/evolucionledchile.cl\/index.php\/wp-json\/wp\/v2\/product_tag?post=544"}],"curies":[{"name":"wp","href":"https:\/\/api.w.org\/{rel}","templated":true}]}}