{"id":547,"date":"2025-12-20T17:24:12","date_gmt":"2025-12-20T20:24:12","guid":{"rendered":"https:\/\/evolucionledchile.cl\/?post_type=product&#038;p=547"},"modified":"2025-12-20T17:24:12","modified_gmt":"2025-12-20T20:24:12","slug":"alarma-digital-led-reloj-de-mesa-roja-y-pared-dimensiones-25x22x46cm","status":"publish","type":"product","link":"https:\/\/evolucionledchile.cl\/index.php\/producto\/alarma-digital-led-reloj-de-mesa-roja-y-pared-dimensiones-25x22x46cm\/","title":{"rendered":"Alarma digital led reloj de mesa roja y pared Dimensiones: 2,5x22x46cm"},"content":{"rendered":"<div class=\"mb3\">\n<div class=\"dangerous-html mb3\">\n<ul>\n<li>Dimensiones: 2,5x22x46cm Alarma digital led reloj de mesa roja y pared gracias a los agujeros en la parte posterior, en la pantalla muestra la hora Mes D\u00eda temperatura y n\u00famero Semana, Adem\u00e1s de informar y detectar la temperatura de la habitaci\u00f3n donde se est\u00e1 istalato. Puedes encender o apagar el despertador. La hora se muestra en el tama\u00f1o 24 h\/12 h. Corriente el\u00e9ctrica alimentada. Ideal para dormitorio, dormitorio, pero tambi\u00e9n para oficinas o estudios. Sencillo en su funcionamiento, baster\u00e1 simplemente lo conecta a una toma de corriente casera y el reloj est\u00e1 funcionando, sin uso y desgasta bater\u00edas stylus o ministilo. Dise\u00f1o de agujero para colgar, seguro y estable, no se cae f\u00e1cilmente, tambi\u00e9n se puede utilizar en el escritorio. Adecuado para estudio, restaurante, oficina, sala de conferencias, escuela, recepci\u00f3n de hotel, pasillo, tienda, etc. Reloj de pared LED luminoso grande, seguro, respetuoso con el medio ambiente y ahorro de energ\u00eda, f\u00e1cil de ver en la sala de estar, pasillo y cocina. Pantalla de temperatura interior, puede conocer la temperatura a tiempo; muestra fecha, mes, a\u00f1o.<\/li>\n<\/ul>\n<\/div>\n<\/div>\n","protected":false},"excerpt":{"rendered":"<p>Dimensiones: 2,5x22x46cm Alarma digital led reloj de mesa roja y pared gracias a los agujeros en la parte posterior, en la pantalla muestra la hora Mes D\u00eda temperatura y n\u00famero Semana, Adem\u00e1s de informar y detectar la temperatura de la habitaci\u00f3n donde se est\u00e1 istalato. Puedes encender o apagar el despertador. La hora se muestra &hellip;<\/p>\n<p class=\"read-more\"> <a class=\"\" href=\"https:\/\/evolucionledchile.cl\/index.php\/producto\/alarma-digital-led-reloj-de-mesa-roja-y-pared-dimensiones-25x22x46cm\/\"> <span class=\"screen-reader-text\">Alarma digital led reloj de mesa roja y pared Dimensiones: 2,5x22x46cm<\/span> Leer m\u00e1s &raquo;<\/a><\/p>\n","protected":false},"featured_media":452,"comment_status":"open","ping_status":"closed","template":"","meta":{"om_disable_all_campaigns":false,"_monsterinsights_skip_tracking":false,"_monsterinsights_sitenote_active":false,"_monsterinsights_sitenote_note":"","_monsterinsights_sitenote_category":0,"site-sidebar-layout":"default","site-content-layout":"","ast-site-content-layout":"default","site-content-style":"default","site-sidebar-style":"default","ast-global-header-display":"","ast-banner-title-visibility":"","ast-main-header-display":"","ast-hfb-above-header-display":"","ast-hfb-below-header-display":"","ast-hfb-mobile-header-display":"","site-post-title":"","ast-breadcrumbs-content":"","ast-featured-img":"","footer-sml-layout":"","theme-transparent-header-meta":"default","adv-header-id-meta":"","stick-header-meta":"","header-above-stick-meta":"","header-main-stick-meta":"","header-below-stick-meta":"","astra-migrate-meta-layouts":"set"},"product_brand":[],"product_cat":[24],"product_tag":[],"class_list":{"0":"post-547","1":"product","2":"type-product","3":"status-publish","4":"has-post-thumbnail","6":"product_cat-led","7":"desktop-align-left","8":"tablet-align-left","9":"mobile-align-left","11":"first","12":"instock","13":"sale","14":"shipping-taxable","15":"purchasable","16":"product-type-simple"},"aioseo_notices":[],"_links":{"self":[{"href":"https:\/\/evolucionledchile.cl\/index.php\/wp-json\/wp\/v2\/product\/547","targetHints":{"allow":["GET"]}}],"collection":[{"href":"https:\/\/evolucionledchile.cl\/index.php\/wp-json\/wp\/v2\/product"}],"about":[{"href":"https:\/\/evolucionledchile.cl\/index.php\/wp-json\/wp\/v2\/types\/product"}],"replies":[{"embeddable":true,"href":"https:\/\/evolucionledchile.cl\/index.php\/wp-json\/wp\/v2\/comments?post=547"}],"wp:featuredmedia":[{"embeddable":true,"href":"https:\/\/evolucionledchile.cl\/index.php\/wp-json\/wp\/v2\/media\/452"}],"wp:attachment":[{"href":"https:\/\/evolucionledchile.cl\/index.php\/wp-json\/wp\/v2\/media?parent=547"}],"wp:term":[{"taxonomy":"product_brand","embeddable":true,"href":"https:\/\/evolucionledchile.cl\/index.php\/wp-json\/wp\/v2\/product_brand?post=547"},{"taxonomy":"product_cat","embeddable":true,"href":"https:\/\/evolucionledchile.cl\/index.php\/wp-json\/wp\/v2\/product_cat?post=547"},{"taxonomy":"product_tag","embeddable":true,"href":"https:\/\/evolucionledchile.cl\/index.php\/wp-json\/wp\/v2\/product_tag?post=547"}],"curies":[{"name":"wp","href":"https:\/\/api.w.org\/{rel}","templated":true}]}}