{"id":558,"date":"2026-02-04T10:02:55","date_gmt":"2026-02-04T13:02:55","guid":{"rendered":"https:\/\/evolucionledchile.cl\/?post_type=product&#038;p=558"},"modified":"2026-02-04T10:03:36","modified_gmt":"2026-02-04T13:03:36","slug":"impresora-digital-android-post-terminal-nfc-de-58-mm","status":"publish","type":"product","link":"https:\/\/evolucionledchile.cl\/index.php\/producto\/impresora-digital-android-post-terminal-nfc-de-58-mm\/","title":{"rendered":"IMPRESORA DIGITAL ANDROID POST TERMINAL NFC DE 58 MM"},"content":{"rendered":"<p>Descripci\u00f3n<br \/>\nTerminal de pago inteligente, compatible con impresora de recibos y c\u00e1mara, compatible con 3G, WiFi, BT4.0 y memoria Flash NAND de 4 GB.<br \/>\nEsta impresora PDA con sistema operativo Android 8.1 ofrece un funcionamiento fluido y estable, ideal para aplicaciones Android que requieren impresi\u00f3n.<br \/>\nLa impresora de recibos TPV integrada utiliza papel de impresi\u00f3n de 58 x 35 mm, sin necesidad de cartuchos ni cintas, lo que reduce los costes operativos, reduce el ruido y ofrece alta velocidad de impresi\u00f3n.<br \/>\nTama\u00f1o compacto y dise\u00f1o inal\u00e1mbrico, f\u00e1cil de transportar y c\u00f3modo de usar; la bater\u00eda recargable integrada de 5000 mAh garantiza un funcionamiento prolongado. F\u00e1cil de usar: el terminal POS inteligente es muy eficiente en el procesamiento de ventas y es ideal para la gesti\u00f3n de almacenes y peque\u00f1os negocios como cafeter\u00edas, boutiques, librer\u00edas, etc.<br \/>\ndesertcart.com: Impresora de recibos POS para oficinas, POS m\u00f3vil con sistema operativo Android 8.1, impresora de recibos de 58 mm, impresora PDA con pantalla t\u00e1ctil de 5,45&#8243; compatible con 3G WiFi BT4.0 USB OTG Bluetooth, impresora de terminal POS port\u00e1til : Rese\u00f1a de productos de oficina: Excelente &#8211; Excelente Rese\u00f1a: Econ\u00f3mico &#8211; Este dispositivo tiene potencial. Viene con instrucciones muy vagas. Indica que hay soporte disponible. Llam\u00e9 a desertcart, donde indicaban que hab\u00eda soporte. Realmente quer\u00eda obtener informaci\u00f3n porque el precio era excelente, el tama\u00f1o a\u00fan mejor y tambi\u00e9n pod\u00eda imprimir. Lo ten\u00eda. Ah, cre\u00eda que s\u00ed. Hasta que el representante de soporte de Amazon me dijo que buscara en YouTube y viera el video para obtener las instrucciones sobre c\u00f3mo insertar correctamente el papel de la impresora. Luego, cuando pregunt\u00e9 por la tarjeta SIM, el dispositivo segu\u00eda solicitando esa informaci\u00f3n. No se menciona en la descripci\u00f3n. El representante de soporte de Desertcart me dijo que no sab\u00eda nada al respecto y que tambi\u00e9n pod\u00eda encontrar informaci\u00f3n en el video de YouTube. Solicit\u00e9 una devoluci\u00f3n. Esperaba que se incluyeran instrucciones sobre c\u00f3mo usar el dispositivo.<\/p>\n","protected":false},"excerpt":{"rendered":"<p>Descripci\u00f3n Terminal de pago inteligente, compatible con impresora de recibos y c\u00e1mara, compatible con 3G, WiFi, BT4.0 y memoria Flash NAND de 4 GB. Esta impresora PDA con sistema operativo Android 8.1 ofrece un funcionamiento fluido y estable, ideal para aplicaciones Android que requieren impresi\u00f3n. La impresora de recibos TPV integrada utiliza papel de impresi\u00f3n &hellip;<\/p>\n<p class=\"read-more\"> <a class=\"\" href=\"https:\/\/evolucionledchile.cl\/index.php\/producto\/impresora-digital-android-post-terminal-nfc-de-58-mm\/\"> <span class=\"screen-reader-text\">IMPRESORA DIGITAL ANDROID POST TERMINAL NFC DE 58 MM<\/span> Leer m\u00e1s &raquo;<\/a><\/p>\n","protected":false},"featured_media":559,"comment_status":"open","ping_status":"closed","template":"","meta":{"om_disable_all_campaigns":false,"_monsterinsights_skip_tracking":false,"_monsterinsights_sitenote_active":false,"_monsterinsights_sitenote_note":"","_monsterinsights_sitenote_category":0,"site-sidebar-layout":"default","site-content-layout":"","ast-site-content-layout":"default","site-content-style":"default","site-sidebar-style":"default","ast-global-header-display":"","ast-banner-title-visibility":"","ast-main-header-display":"","ast-hfb-above-header-display":"","ast-hfb-below-header-display":"","ast-hfb-mobile-header-display":"","site-post-title":"","ast-breadcrumbs-content":"","ast-featured-img":"","footer-sml-layout":"","theme-transparent-header-meta":"default","adv-header-id-meta":"","stick-header-meta":"","header-above-stick-meta":"","header-main-stick-meta":"","header-below-stick-meta":"","astra-migrate-meta-layouts":"set"},"product_brand":[],"product_cat":[50,29],"product_tag":[],"class_list":{"0":"post-558","1":"product","2":"type-product","3":"status-publish","4":"has-post-thumbnail","6":"product_cat-impresora-digital","7":"product_cat-pantalla","8":"desktop-align-left","9":"tablet-align-left","10":"mobile-align-left","12":"first","13":"instock","14":"sale","15":"shipping-taxable","16":"purchasable","17":"product-type-simple"},"aioseo_notices":[],"_links":{"self":[{"href":"https:\/\/evolucionledchile.cl\/index.php\/wp-json\/wp\/v2\/product\/558","targetHints":{"allow":["GET"]}}],"collection":[{"href":"https:\/\/evolucionledchile.cl\/index.php\/wp-json\/wp\/v2\/product"}],"about":[{"href":"https:\/\/evolucionledchile.cl\/index.php\/wp-json\/wp\/v2\/types\/product"}],"replies":[{"embeddable":true,"href":"https:\/\/evolucionledchile.cl\/index.php\/wp-json\/wp\/v2\/comments?post=558"}],"wp:featuredmedia":[{"embeddable":true,"href":"https:\/\/evolucionledchile.cl\/index.php\/wp-json\/wp\/v2\/media\/559"}],"wp:attachment":[{"href":"https:\/\/evolucionledchile.cl\/index.php\/wp-json\/wp\/v2\/media?parent=558"}],"wp:term":[{"taxonomy":"product_brand","embeddable":true,"href":"https:\/\/evolucionledchile.cl\/index.php\/wp-json\/wp\/v2\/product_brand?post=558"},{"taxonomy":"product_cat","embeddable":true,"href":"https:\/\/evolucionledchile.cl\/index.php\/wp-json\/wp\/v2\/product_cat?post=558"},{"taxonomy":"product_tag","embeddable":true,"href":"https:\/\/evolucionledchile.cl\/index.php\/wp-json\/wp\/v2\/product_tag?post=558"}],"curies":[{"name":"wp","href":"https:\/\/api.w.org\/{rel}","templated":true}]}}